{"id":38861,"date":"2020-04-30T11:12:41","date_gmt":"2020-04-30T11:12:41","guid":{"rendered":"https:\/\/jetpoint.ro\/kontakt\/"},"modified":"2026-04-02T11:39:58","modified_gmt":"2026-04-02T11:39:58","slug":"kontakt","status":"publish","type":"page","link":"https:\/\/jetpoint.ro\/de\/kontakt\/","title":{"rendered":"Kontakt"},"content":{"rendered":"\t\t<div data-elementor-type=\"wp-page\" data-elementor-id=\"38861\" class=\"elementor elementor-38861 elementor-1453\">\n\t\t\t\t\t\t<section class=\"elementor-section elementor-top-section elementor-element elementor-element-6c7c8c8 elementor-section-full_width elementor-section-height-default elementor-section-height-default sc_fly_static\" data-id=\"6c7c8c8\" data-element_type=\"section\" data-e-type=\"section\" data-settings=\"{&quot;background_background&quot;:&quot;classic&quot;}\">\n\t\t\t\t\t\t<div class=\"elementor-container elementor-column-gap-no\">\n\t\t\t\t\t<div class=\"elementor-column elementor-col-100 elementor-top-column elementor-element elementor-element-b959d1f sc_content_align_inherit sc_layouts_column_icons_position_left sc_fly_static\" data-id=\"b959d1f\" data-element_type=\"column\" data-e-type=\"column\" data-settings=\"{&quot;background_background&quot;:&quot;classic&quot;}\">\n\t\t\t<div class=\"elementor-widget-wrap elementor-element-populated\">\n\t\t\t\t\t\t<div class=\"elementor-element elementor-element-15281ce sc_fly_static elementor-widget elementor-widget-html\" data-id=\"15281ce\" data-element_type=\"widget\" data-e-type=\"widget\" data-widget_type=\"html.default\">\n\t\t\t\t<div class=\"elementor-widget-container\">\n\t\t\t\t\t<iframe src=\"https:\/\/www.google.com\/maps\/embed?pb=!1m18!1m12!1m3!1d174647.82565671593!2d23.30678828983059!3d46.84620419666!2m3!1f0!2f0!3f0!3m2!1i1024!2i768!4f13.1!3m3!1m2!1s0x4749098ae67f0359%3A0x7c0ad713b75e6940!2sSpalatoriile%20auto%20self%20service%20JetPOINT!5e0!3m2!1sro!2sro!4v1757683177641!5m2!1sro!2sro\" width=\"1200\" height=\"350\" style=\"border:0;\" allowfullscreen=\"\" loading=\"lazy\" referrerpolicy=\"no-referrer-when-downgrade\"><\/iframe>\t\t\t\t<\/div>\n\t\t\t\t<\/div>\n\t\t\t\t<div class=\"elementor-element elementor-element-e32bc46 sc_height_huge sc_fly_static elementor-widget elementor-widget-spacer\" data-id=\"e32bc46\" data-element_type=\"widget\" data-e-type=\"widget\" data-widget_type=\"spacer.default\">\n\t\t\t\t<div class=\"elementor-widget-container\">\n\t\t\t\t\t\t\t<div class=\"elementor-spacer\">\n\t\t\t<div class=\"elementor-spacer-inner\"><\/div>\n\t\t<\/div>\n\t\t\t\t\t\t<\/div>\n\t\t\t\t<\/div>\n\t\t\t\t<section data-animation-type=\"block\" class=\"elementor-section elementor-inner-section elementor-element elementor-element-a6b4fc0 elementor-section-boxed elementor-section-height-default elementor-section-height-default animation_type_block sc_fly_static elementor-invisible\" data-id=\"a6b4fc0\" data-element_type=\"section\" data-e-type=\"section\" data-settings=\"{&quot;animation&quot;:&quot;detailx-fadein&quot;,&quot;background_background&quot;:&quot;classic&quot;}\">\n\t\t\t\t\t\t<div class=\"elementor-container elementor-column-gap-no\">\n\t\t\t\t\t<div class=\"elementor-column elementor-col-50 elementor-inner-column elementor-element elementor-element-e6b955b sc_content_align_inherit sc_layouts_column_icons_position_left sc_fly_static\" data-id=\"e6b955b\" data-element_type=\"column\" data-e-type=\"column\">\n\t\t\t<div class=\"elementor-widget-wrap elementor-element-populated\">\n\t\t\t\t\t\t<div class=\"elementor-element elementor-element-328c18e sc_fly_static elementor-widget elementor-widget-trx_sc_title\" data-id=\"328c18e\" data-element_type=\"widget\" data-e-type=\"widget\" data-widget_type=\"trx_sc_title.default\">\n\t\t\t\t<div class=\"elementor-widget-container\">\n\t\t\t\t\t<div\t\tclass=\"sc_title sc_title_default\" ><span class=\"sc_item_subtitle sc_title_subtitle sc_item_subtitle_above sc_item_title_style_default\">Kontakt<\/span><h1 class=\"sc_item_title sc_title_title sc_item_title_style_default sc_item_title_tag\"\n\t\t\t><span class=\"sc_item_title_text\">KONTAKTDATEN <br>  <\/span><\/h1><div class=\"sc_item_descr sc_title_descr\"><p>Das JetPOINT-Team ist bereit, Ihnen Unterst\u00fctzung und auf Ihre Bed\u00fcrfnisse zugeschnittene L\u00f6sungen zu bieten.  <\/p>\n<\/div><\/div>\t\t\t\t<\/div>\n\t\t\t\t<\/div>\n\t\t\t\t<div class=\"elementor-element elementor-element-e59232f sc_fly_static elementor-widget elementor-widget-spacer\" data-id=\"e59232f\" data-element_type=\"widget\" data-e-type=\"widget\" data-widget_type=\"spacer.default\">\n\t\t\t\t<div class=\"elementor-widget-container\">\n\t\t\t\t\t\t\t<div class=\"elementor-spacer\">\n\t\t\t<div class=\"elementor-spacer-inner\"><\/div>\n\t\t<\/div>\n\t\t\t\t\t\t<\/div>\n\t\t\t\t<\/div>\n\t\t\t\t<div class=\"elementor-element elementor-element-c7debea sc_fly_static elementor-widget elementor-widget-trx_sc_icons\" data-id=\"c7debea\" data-element_type=\"widget\" data-e-type=\"widget\" data-widget_type=\"trx_sc_icons.default\">\n\t\t\t\t<div class=\"elementor-widget-container\">\n\t\t\t\t\t<div \tclass=\"sc_icons sc_icons_simple sc_icons_size_small sc_align_none\" ><div class=\"sc_icons_item with_more\"><div class=\"sc_icons_icon sc_icon_type_ icon-marker\" style=\"color: #EA0A0B\" ><span class=\"sc_icon_type_ icon-marker\" style=\"color: #EA0A0B\"><\/span><\/div><div class=\"sc_icons_item_details\"><div class=\"sc_icons_item_description\"><span>Tiberiu Popoviciu 2-4, Halele 3-4<\/span><span>Cluj Innovation Park<\/span><span>400647 Cluj-Napoca, Jud. Cluj<\/span><\/div><\/div><\/div><div class=\"sc_icons_item with_more\"><div class=\"sc_icons_icon sc_icon_type_ icon-envelope-2\" style=\"color: #EA0A0B\" ><span class=\"sc_icon_type_ icon-envelope-2\" style=\"color: #EA0A0B\"><\/span><\/div><div class=\"sc_icons_item_details\"><div class=\"sc_icons_item_description\"><span><a href=\"mailto:info@email.com\">contact@jetpoint.ro<\/a><\/span><\/div><\/div><\/div><div class=\"sc_icons_item sc_icons_item_linked with_more\"><div class=\"sc_icons_icon sc_icon_type_ icon-iphone\" style=\"color: #EA0A0B\" ><span class=\"sc_icon_type_ icon-iphone\" style=\"color: #EA0A0B\"><\/span><\/div><div class=\"sc_icons_item_details\"><h4 class=\"sc_icons_item_title\"><a href=\"tel:+40%20747%20034%20010%20\">\n                                    VERKAUF                                    <\/a><\/h4><a href=\"tel:+40%20747%20034%20010%20\" class=\"sc_icons_item_more_link\">\n                        <span class=\"link_text\">+40 747 034 010 <\/span><span class=\"link_icon\"><\/span>\n                        <\/a><a href=\"tel:+40%20747%20034%20010%20\"\n                        class=\"sc_icons_item_link\">\n                        <\/a><\/div><\/div><div class=\"sc_icons_item sc_icons_item_linked with_more\"><div class=\"sc_icons_icon sc_icon_type_ icon-iphone\" style=\"color: #EA0A0B\" ><span class=\"sc_icon_type_ icon-iphone\" style=\"color: #EA0A0B\"><\/span><\/div><div class=\"sc_icons_item_details\"><h4 class=\"sc_icons_item_title\"><a href=\"tel:+40%20753%20876%20468\">\n                                    CALLCENTER-SERVICE                                    <\/a><\/h4><a href=\"tel:+40%20753%20876%20468\" class=\"sc_icons_item_more_link\">\n                        <span class=\"link_text\">+40 753 876 468<\/span><span class=\"link_icon\"><\/span>\n                        <\/a><a href=\"tel:+40%20753%20876%20468\"\n                        class=\"sc_icons_item_link\">\n                        <\/a><\/div><\/div><\/div><!-- \/.sc_icons -->\t\t\t\t<\/div>\n\t\t\t\t<\/div>\n\t\t\t\t<div class=\"elementor-element elementor-element-609172c elementor-widget-divider--view-line sc_fly_static elementor-widget elementor-widget-divider\" data-id=\"609172c\" data-element_type=\"widget\" data-e-type=\"widget\" data-widget_type=\"divider.default\">\n\t\t\t\t<div class=\"elementor-widget-container\">\n\t\t\t\t\t\t\t<div class=\"elementor-divider\">\n\t\t\t<span class=\"elementor-divider-separator\">\n\t\t\t\t\t\t<\/span>\n\t\t<\/div>\n\t\t\t\t\t\t<\/div>\n\t\t\t\t<\/div>\n\t\t\t\t<div class=\"elementor-element elementor-element-8f724ab sc_fly_static elementor-widget elementor-widget-spacer\" data-id=\"8f724ab\" data-element_type=\"widget\" data-e-type=\"widget\" data-widget_type=\"spacer.default\">\n\t\t\t\t<div class=\"elementor-widget-container\">\n\t\t\t\t\t\t\t<div class=\"elementor-spacer\">\n\t\t\t<div class=\"elementor-spacer-inner\"><\/div>\n\t\t<\/div>\n\t\t\t\t\t\t<\/div>\n\t\t\t\t<\/div>\n\t\t\t\t<div class=\"elementor-element elementor-element-f3597fa sc_fly_static elementor-widget elementor-widget-trx_sc_button\" data-id=\"f3597fa\" data-element_type=\"widget\" data-e-type=\"widget\" data-widget_type=\"trx_sc_button.default\">\n\t\t\t\t<div class=\"elementor-widget-container\">\n\t\t\t\t\t<div\tclass=\"sc_item_button sc_button_wrap sc_align_left\" ><a href=\"https:\/\/jetpoint.ro\/de\/ticketservice\/\" class=\"sc_button sc_button_hover sc_button_size_normal sc_button_icon_left\" ><span class=\"sc_button_text\"><span class=\"sc_button_title\">Ticket-Service<\/span><\/span><\/a><\/div>\t\t\t\t<\/div>\n\t\t\t\t<\/div>\n\t\t\t\t\t<\/div>\n\t\t<\/div>\n\t\t\t\t<div class=\"elementor-column elementor-col-50 elementor-inner-column elementor-element elementor-element-70d4d2a sc_content_align_inherit sc_layouts_column_icons_position_left sc_fly_static\" data-id=\"70d4d2a\" data-element_type=\"column\" data-e-type=\"column\" data-settings=\"{&quot;background_background&quot;:&quot;classic&quot;}\">\n\t\t\t<div class=\"elementor-widget-wrap elementor-element-populated\">\n\t\t\t\t\t\t<div class=\"elementor-element elementor-element-3197e8d sc_fly_static elementor-widget elementor-widget-trx_sc_title\" data-id=\"3197e8d\" data-element_type=\"widget\" data-e-type=\"widget\" data-widget_type=\"trx_sc_title.default\">\n\t\t\t\t<div class=\"elementor-widget-container\">\n\t\t\t\t\t<div\t\tclass=\"sc_title sc_title_default\" ><span class=\"sc_item_subtitle sc_title_subtitle sc_item_subtitle_above sc_item_title_style_default\">Kontakt<\/span><h1 class=\"sc_item_title sc_title_title sc_item_title_style_default sc_item_title_tag\"\n\t\t\t><span class=\"sc_item_title_text\">KONTAKTFORMULAR<\/span><\/h1><div class=\"sc_item_descr sc_title_descr\"><p>Kontaktieren Sie uns, wenn Sie Informationen, ma\u00dfgeschneiderte Angebote oder eine spezielle Beratung w\u00fcnschen.<\/p>\n<\/div><\/div>\t\t\t\t<\/div>\n\t\t\t\t<\/div>\n\t\t\t\t<div class=\"elementor-element elementor-element-4a945df sc_fly_static elementor-widget elementor-widget-spacer\" data-id=\"4a945df\" data-element_type=\"widget\" data-e-type=\"widget\" data-widget_type=\"spacer.default\">\n\t\t\t\t<div class=\"elementor-widget-container\">\n\t\t\t\t\t\t\t<div class=\"elementor-spacer\">\n\t\t\t<div class=\"elementor-spacer-inner\"><\/div>\n\t\t<\/div>\n\t\t\t\t\t\t<\/div>\n\t\t\t\t<\/div>\n\t\t\t\t<div class=\"elementor-element elementor-element-ef1d876 sc_fly_static elementor-widget elementor-widget-trx_sc_contact_form_7\" data-id=\"ef1d876\" data-element_type=\"widget\" data-e-type=\"widget\" data-widget_type=\"trx_sc_contact_form_7.default\">\n\t\t\t\t<div class=\"elementor-widget-container\">\n\t\t\t\t\t\n<div class=\"wpcf7 no-js\" id=\"wpcf7-f38959-o1\" lang=\"de-DE\" dir=\"ltr\" data-wpcf7-id=\"38959\">\n<div class=\"screen-reader-response\"><p role=\"status\" aria-live=\"polite\" aria-atomic=\"true\"><\/p> <ul><\/ul><\/div>\n<form action=\"\/de\/wp-json\/wp\/v2\/pages\/38861#wpcf7-f38959-o1\" method=\"post\" class=\"wpcf7-form init\" aria-label=\"Kontaktformular\" novalidate=\"novalidate\" data-status=\"init\">\n<fieldset class=\"hidden-fields-container\"><input type=\"hidden\" name=\"_wpcf7\" value=\"38959\" \/><input type=\"hidden\" name=\"_wpcf7_version\" value=\"6.1.5\" \/><input type=\"hidden\" name=\"_wpcf7_locale\" value=\"de_DE\" \/><input type=\"hidden\" name=\"_wpcf7_unit_tag\" value=\"wpcf7-f38959-o1\" \/><input type=\"hidden\" name=\"_wpcf7_container_post\" value=\"0\" \/><input type=\"hidden\" name=\"_wpcf7_posted_data_hash\" value=\"\" \/><input type=\"hidden\" name=\"_wpcf7cf_hidden_group_fields\" value=\"[]\" \/><input type=\"hidden\" name=\"_wpcf7cf_hidden_groups\" value=\"[]\" \/><input type=\"hidden\" name=\"_wpcf7cf_visible_groups\" value=\"[]\" \/><input type=\"hidden\" name=\"_wpcf7cf_repeaters\" value=\"[]\" \/><input type=\"hidden\" name=\"_wpcf7cf_steps\" value=\"{}\" \/><input type=\"hidden\" name=\"_wpcf7cf_options\" value=\"{&quot;form_id&quot;:38959,&quot;conditions&quot;:[],&quot;settings&quot;:{&quot;animation&quot;:&quot;yes&quot;,&quot;animation_intime&quot;:200,&quot;animation_outtime&quot;:200,&quot;conditions_ui&quot;:&quot;normal&quot;,&quot;notice_dismissed&quot;:false,&quot;notice_dismissed_rollback-cf7-6.1.1&quot;:true}}\" \/><input type=\"hidden\" name=\"_wpcf7_recaptcha_response\" value=\"\" \/>\n<\/fieldset>\n<div class=\"form-style-1\">\n\t<div class=\"columns_wrap\">\n\t\t<div class=\"column-1_2\">\n\t\t\t<p><span class=\"style-line icon-name\"><span class=\"wpcf7-form-control-wrap\" data-name=\"ihr-name\"><input size=\"40\" maxlength=\"400\" class=\"wpcf7-form-control wpcf7-text wpcf7-validates-as-required\" aria-required=\"true\" aria-invalid=\"false\" value=\"Name\" type=\"text\" name=\"ihr-name\" \/><\/span><\/span>\n\t\t\t<\/p>\n\t\t<\/div>\n\t\t<div class=\"column-1_2\">\n\t\t\t<p><span class=\"style-line icon-email\"><span class=\"wpcf7-form-control-wrap\" data-name=\"ihr-email\"><input size=\"40\" maxlength=\"400\" class=\"wpcf7-form-control wpcf7-email wpcf7-validates-as-required wpcf7-text wpcf7-validates-as-email\" aria-required=\"true\" aria-invalid=\"false\" value=\"E-Mail-Adresse\" type=\"email\" name=\"ihr-email\" \/><\/span><\/span>\n\t\t\t<\/p>\n\t\t<\/div>\n\t<\/div>\n\t<div class=\"columns_wrap\">\n\t\t<div class=\"column-1_2\">\n\t\t\t<p><span class=\"style-line icon-phone\"><span class=\"wpcf7-form-control-wrap\" data-name=\"Telefon\"><input size=\"40\" maxlength=\"400\" class=\"wpcf7-form-control wpcf7-tel wpcf7-validates-as-required wpcf7-text wpcf7-validates-as-tel\" aria-required=\"true\" aria-invalid=\"false\" value=\"Telefon\" type=\"tel\" name=\"Telefon\" \/><\/span><\/span>\n\t\t\t<\/p>\n\t\t<\/div>\n\t\t<div class=\"column-1_2\">\n\t\t\t<p><span class=\"style-line icon-subject\"><span class=\"wpcf7-form-control-wrap\" data-name=\"Betreff-Platzhalter\"><input size=\"40\" maxlength=\"400\" class=\"wpcf7-form-control wpcf7-text wpcf7-validates-as-required\" aria-required=\"true\" aria-invalid=\"false\" value=\"Betreff\" type=\"text\" name=\"Betreff-Platzhalter\" \/><\/span><\/span>\n\t\t\t<\/p>\n\t\t<\/div>\n\t<\/div>\n\t<div class=\"columns_wrap margin-bottom\">\n\t\t<div class=\"column-1_1\">\n\t\t\t<p><span class=\"style-line icon-textarea\"><span class=\"wpcf7-form-control-wrap\" data-name=\"your-message\"><textarea cols=\"40\" rows=\"10\" maxlength=\"2000\" class=\"wpcf7-form-control wpcf7-textarea wpcf7-validates-as-required\" aria-required=\"true\" aria-invalid=\"false\" placeholder=\"Wie k\u00f6nnen wir Ihnen helfen? Hinterlassen Sie uns eine Nachricht!\" name=\"your-message\"><\/textarea><\/span><\/span>\n\t\t\t<\/p>\n\t\t<\/div>\n\t<\/div>\n\t<p><input class=\"wpcf7-form-control wpcf7-submit has-spinner\" type=\"submit\" value=\"Nachricht senden\" \/><span class=\"wpcf7-form-control-wrap\" data-name=\"acceptance\"><span class=\"wpcf7-form-control wpcf7-acceptance\"><span class=\"wpcf7-list-item\"><label><input type=\"checkbox\" name=\"acceptance\" value=\"1\" aria-invalid=\"false\" \/><span class=\"wpcf7-list-item-label\">Ich bin mit den <a href=\"\/politica-de-confidentialitate\/\">Datenschutzbestimmungen<\/a> der Website einverstanden.<\/span><\/label><\/span><\/span><\/span>\n\t<\/p>\n<\/div><div class=\"wpcf7-response-output\" aria-hidden=\"true\"><\/div>\n<\/form>\n<\/div>\n\t\t\t\t<\/div>\n\t\t\t\t<\/div>\n\t\t\t\t\t<\/div>\n\t\t<\/div>\n\t\t\t\t\t<\/div>\n\t\t<\/section>\n\t\t\t\t<div class=\"elementor-element elementor-element-b227fef sc_fly_static elementor-widget elementor-widget-spacer\" data-id=\"b227fef\" data-element_type=\"widget\" data-e-type=\"widget\" data-widget_type=\"spacer.default\">\n\t\t\t\t<div class=\"elementor-widget-container\">\n\t\t\t\t\t\t\t<div class=\"elementor-spacer\">\n\t\t\t<div class=\"elementor-spacer-inner\"><\/div>\n\t\t<\/div>\n\t\t\t\t\t\t<\/div>\n\t\t\t\t<\/div>\n\t\t\t\t<div class=\"elementor-element elementor-element-6abefd5 sc_height_huge sc_fly_static elementor-widget elementor-widget-spacer\" data-id=\"6abefd5\" data-element_type=\"widget\" data-e-type=\"widget\" data-widget_type=\"spacer.default\">\n\t\t\t\t<div class=\"elementor-widget-container\">\n\t\t\t\t\t\t\t<div class=\"elementor-spacer\">\n\t\t\t<div class=\"elementor-spacer-inner\"><\/div>\n\t\t<\/div>\n\t\t\t\t\t\t<\/div>\n\t\t\t\t<\/div>\n\t\t\t\t\t<\/div>\n\t\t<\/div>\n\t\t\t\t\t<\/div>\n\t\t<\/section>\n\t\t\t\t<\/div>\n\t\t","protected":false},"excerpt":{"rendered":"<p>Kontakt KONTAKTDATEN Das JetPOINT-Team ist bereit, Ihnen Unterst\u00fctzung und auf Ihre Bed\u00fcrfnisse zugeschnittene L\u00f6sungen zu bieten. Tiberiu Popoviciu 2-4, Halele 3-4Cluj Innovation Park400647 Cluj-Napoca, Jud. Clujcontact@jetpoint.ro VERKAUF +40 747 034&hellip;<\/p>\n","protected":false},"author":1,"featured_media":0,"parent":0,"menu_order":0,"comment_status":"closed","ping_status":"closed","template":"","meta":{"footnotes":""},"class_list":["post-38861","page","type-page","status-publish","hentry"],"yoast_head":"<!-- This site is optimized with the Yoast SEO plugin v27.3 - https:\/\/yoast.com\/product\/yoast-seo-wordpress\/ -->\n<title>Kontakt | Spalatoriile JetPOINT RO<\/title>\n<meta name=\"robots\" content=\"index, follow, max-snippet:-1, max-image-preview:large, max-video-preview:-1\" \/>\n<link rel=\"canonical\" href=\"https:\/\/jetpoint.ro\/de\/kontakt\/\" \/>\n<meta property=\"og:locale\" content=\"de_DE\" \/>\n<meta property=\"og:type\" content=\"article\" \/>\n<meta property=\"og:title\" content=\"Kontakt | Spalatoriile JetPOINT RO\" \/>\n<meta property=\"og:description\" content=\"Kontakt KONTAKTDATEN Das JetPOINT-Team ist bereit, Ihnen Unterst\u00fctzung und auf Ihre Bed\u00fcrfnisse zugeschnittene L\u00f6sungen zu bieten. Tiberiu Popoviciu 2-4, Halele 3-4Cluj Innovation Park400647 Cluj-Napoca, Jud. Clujcontact@jetpoint.ro VERKAUF +40 747 034&hellip;\" \/>\n<meta property=\"og:url\" content=\"https:\/\/jetpoint.ro\/de\/kontakt\/\" \/>\n<meta property=\"og:site_name\" content=\"Spalatoriile JetPOINT RO\" \/>\n<meta property=\"article:publisher\" content=\"http:\/\/facebook.com\/jetpoint.romania\" \/>\n<meta property=\"article:modified_time\" content=\"2026-04-02T11:39:58+00:00\" \/>\n<meta property=\"og:image\" content=\"https:\/\/jetpoint.ro\/wp-content\/uploads\/2025\/08\/st3-1.jpg\" \/>\n\t<meta property=\"og:image:width\" content=\"1095\" \/>\n\t<meta property=\"og:image:height\" content=\"644\" \/>\n\t<meta property=\"og:image:type\" content=\"image\/jpeg\" \/>\n<meta name=\"twitter:card\" content=\"summary_large_image\" \/>\n<script type=\"application\/ld+json\" class=\"yoast-schema-graph\">{\"@context\":\"https:\\\/\\\/schema.org\",\"@graph\":[{\"@type\":\"WebPage\",\"@id\":\"https:\\\/\\\/jetpoint.ro\\\/de\\\/kontakt\\\/\",\"url\":\"https:\\\/\\\/jetpoint.ro\\\/de\\\/kontakt\\\/\",\"name\":\"Kontakt | Spalatoriile JetPOINT RO\",\"isPartOf\":{\"@id\":\"https:\\\/\\\/jetpoint.ro\\\/de\\\/#website\"},\"datePublished\":\"2020-04-30T11:12:41+00:00\",\"dateModified\":\"2026-04-02T11:39:58+00:00\",\"breadcrumb\":{\"@id\":\"https:\\\/\\\/jetpoint.ro\\\/de\\\/kontakt\\\/#breadcrumb\"},\"inLanguage\":\"de\",\"potentialAction\":[{\"@type\":\"ReadAction\",\"target\":[\"https:\\\/\\\/jetpoint.ro\\\/de\\\/kontakt\\\/\"]}]},{\"@type\":\"BreadcrumbList\",\"@id\":\"https:\\\/\\\/jetpoint.ro\\\/de\\\/kontakt\\\/#breadcrumb\",\"itemListElement\":[{\"@type\":\"ListItem\",\"position\":1,\"name\":\"Prima pagin\u0103\",\"item\":\"https:\\\/\\\/jetpoint.ro\\\/de\\\/\"},{\"@type\":\"ListItem\",\"position\":2,\"name\":\"Kontakt\"}]},{\"@type\":\"WebSite\",\"@id\":\"https:\\\/\\\/jetpoint.ro\\\/de\\\/#website\",\"url\":\"https:\\\/\\\/jetpoint.ro\\\/de\\\/\",\"name\":\"JetPOINT Romania\",\"description\":\"Producator Spalatorii Auto Self Service\",\"publisher\":{\"@id\":\"https:\\\/\\\/jetpoint.ro\\\/de\\\/#organization\"},\"alternateName\":\"Spalatoriile JetPOINT Romania\",\"potentialAction\":[{\"@type\":\"SearchAction\",\"target\":{\"@type\":\"EntryPoint\",\"urlTemplate\":\"https:\\\/\\\/jetpoint.ro\\\/de\\\/?s={search_term_string}\"},\"query-input\":{\"@type\":\"PropertyValueSpecification\",\"valueRequired\":true,\"valueName\":\"search_term_string\"}}],\"inLanguage\":\"de\"},{\"@type\":\"Organization\",\"@id\":\"https:\\\/\\\/jetpoint.ro\\\/de\\\/#organization\",\"name\":\"JetPOINT Romania\",\"alternateName\":\"JetPOINT Romania Autowaschanlagen\",\"url\":\"https:\\\/\\\/jetpoint.ro\\\/de\\\/\",\"logo\":{\"@type\":\"ImageObject\",\"inLanguage\":\"de\",\"@id\":\"https:\\\/\\\/jetpoint.ro\\\/de\\\/#\\\/schema\\\/logo\\\/image\\\/\",\"url\":\"https:\\\/\\\/jetpoint.ro\\\/wp-content\\\/uploads\\\/2025\\\/07\\\/jetpoint-logo.png\",\"contentUrl\":\"https:\\\/\\\/jetpoint.ro\\\/wp-content\\\/uploads\\\/2025\\\/07\\\/jetpoint-logo.png\",\"width\":584,\"height\":584,\"caption\":\"JetPOINT Romania\"},\"image\":{\"@id\":\"https:\\\/\\\/jetpoint.ro\\\/de\\\/#\\\/schema\\\/logo\\\/image\\\/\"},\"sameAs\":[\"http:\\\/\\\/facebook.com\\\/jetpoint.romania\"]}]}<\/script>\n<!-- \/ Yoast SEO plugin. -->","yoast_head_json":{"title":"Kontakt | Spalatoriile JetPOINT RO","robots":{"index":"index","follow":"follow","max-snippet":"max-snippet:-1","max-image-preview":"max-image-preview:large","max-video-preview":"max-video-preview:-1"},"canonical":"https:\/\/jetpoint.ro\/de\/kontakt\/","og_locale":"de_DE","og_type":"article","og_title":"Kontakt | Spalatoriile JetPOINT RO","og_description":"Kontakt KONTAKTDATEN Das JetPOINT-Team ist bereit, Ihnen Unterst\u00fctzung und auf Ihre Bed\u00fcrfnisse zugeschnittene L\u00f6sungen zu bieten. Tiberiu Popoviciu 2-4, Halele 3-4Cluj Innovation Park400647 Cluj-Napoca, Jud. Clujcontact@jetpoint.ro VERKAUF +40 747 034&hellip;","og_url":"https:\/\/jetpoint.ro\/de\/kontakt\/","og_site_name":"Spalatoriile JetPOINT RO","article_publisher":"http:\/\/facebook.com\/jetpoint.romania","article_modified_time":"2026-04-02T11:39:58+00:00","og_image":[{"width":1095,"height":644,"url":"https:\/\/jetpoint.ro\/wp-content\/uploads\/2025\/08\/st3-1.jpg","type":"image\/jpeg"}],"twitter_card":"summary_large_image","schema":{"@context":"https:\/\/schema.org","@graph":[{"@type":"WebPage","@id":"https:\/\/jetpoint.ro\/de\/kontakt\/","url":"https:\/\/jetpoint.ro\/de\/kontakt\/","name":"Kontakt | Spalatoriile JetPOINT RO","isPartOf":{"@id":"https:\/\/jetpoint.ro\/de\/#website"},"datePublished":"2020-04-30T11:12:41+00:00","dateModified":"2026-04-02T11:39:58+00:00","breadcrumb":{"@id":"https:\/\/jetpoint.ro\/de\/kontakt\/#breadcrumb"},"inLanguage":"de","potentialAction":[{"@type":"ReadAction","target":["https:\/\/jetpoint.ro\/de\/kontakt\/"]}]},{"@type":"BreadcrumbList","@id":"https:\/\/jetpoint.ro\/de\/kontakt\/#breadcrumb","itemListElement":[{"@type":"ListItem","position":1,"name":"Prima pagin\u0103","item":"https:\/\/jetpoint.ro\/de\/"},{"@type":"ListItem","position":2,"name":"Kontakt"}]},{"@type":"WebSite","@id":"https:\/\/jetpoint.ro\/de\/#website","url":"https:\/\/jetpoint.ro\/de\/","name":"JetPOINT Romania","description":"Producator Spalatorii Auto Self Service","publisher":{"@id":"https:\/\/jetpoint.ro\/de\/#organization"},"alternateName":"Spalatoriile JetPOINT Romania","potentialAction":[{"@type":"SearchAction","target":{"@type":"EntryPoint","urlTemplate":"https:\/\/jetpoint.ro\/de\/?s={search_term_string}"},"query-input":{"@type":"PropertyValueSpecification","valueRequired":true,"valueName":"search_term_string"}}],"inLanguage":"de"},{"@type":"Organization","@id":"https:\/\/jetpoint.ro\/de\/#organization","name":"JetPOINT Romania","alternateName":"JetPOINT Romania Autowaschanlagen","url":"https:\/\/jetpoint.ro\/de\/","logo":{"@type":"ImageObject","inLanguage":"de","@id":"https:\/\/jetpoint.ro\/de\/#\/schema\/logo\/image\/","url":"https:\/\/jetpoint.ro\/wp-content\/uploads\/2025\/07\/jetpoint-logo.png","contentUrl":"https:\/\/jetpoint.ro\/wp-content\/uploads\/2025\/07\/jetpoint-logo.png","width":584,"height":584,"caption":"JetPOINT Romania"},"image":{"@id":"https:\/\/jetpoint.ro\/de\/#\/schema\/logo\/image\/"},"sameAs":["http:\/\/facebook.com\/jetpoint.romania"]}]}},"_links":{"self":[{"href":"https:\/\/jetpoint.ro\/de\/wp-json\/wp\/v2\/pages\/38861","targetHints":{"allow":["GET"]}}],"collection":[{"href":"https:\/\/jetpoint.ro\/de\/wp-json\/wp\/v2\/pages"}],"about":[{"href":"https:\/\/jetpoint.ro\/de\/wp-json\/wp\/v2\/types\/page"}],"author":[{"embeddable":true,"href":"https:\/\/jetpoint.ro\/de\/wp-json\/wp\/v2\/users\/1"}],"replies":[{"embeddable":true,"href":"https:\/\/jetpoint.ro\/de\/wp-json\/wp\/v2\/comments?post=38861"}],"version-history":[{"count":11,"href":"https:\/\/jetpoint.ro\/de\/wp-json\/wp\/v2\/pages\/38861\/revisions"}],"predecessor-version":[{"id":39269,"href":"https:\/\/jetpoint.ro\/de\/wp-json\/wp\/v2\/pages\/38861\/revisions\/39269"}],"wp:attachment":[{"href":"https:\/\/jetpoint.ro\/de\/wp-json\/wp\/v2\/media?parent=38861"}],"curies":[{"name":"wp","href":"https:\/\/api.w.org\/{rel}","templated":true}]}}